{"id":529,"date":"2022-11-26T15:56:24","date_gmt":"2022-11-26T14:56:24","guid":{"rendered":"https:\/\/pharma.studio360.ch\/kontakt\/"},"modified":"2022-12-04T13:00:04","modified_gmt":"2022-12-04T12:00:04","slug":"contact","status":"publish","type":"page","link":"https:\/\/www.pharma-betriebsass.ch\/fr\/contact\/","title":{"rendered":"Contact"},"content":{"rendered":"<div class=\"wpb-content-wrapper\">[vc_row full_width=\u00a0\u00bbstretch_row\u00a0\u00bb column_spacing=\u00a0\u00bb0px\u00a0\u00bb css=\u00a0\u00bb.vc_custom_1669547730989{padding-top: 50px !important;padding-bottom: 25px !important;}\u00a0\u00bb][vc_column]<h1 class=\"vcex-heading vcex-heading-plain vcex-module wpex-heading wpex-text-2xl wpex-h1 wpex-text-left vc_custom_1670144736715\"><span class=\"vcex-heading-inner wpex-inline-block\">Contact<\/span><\/h1><div class=\"vcex-module vcex-divider vcex-divider-solid vcex-divider-left wpex-mr-auto wpex-max-w-100 wpex-block wpex-h-0 wpex-border-b wpex-border-solid wpex-border-main\" style=\"width:80px;border-bottom-width:3px;border-color:#009984;\"><\/div><div class=\"vcex-spacing wpex-w-100 wpex-clear\"><\/div>[vc_column_text]\n<div id=\"leftwrapper\">\n<div id=\"left\">\n<div id=\"navi\"><\/div>\n<\/div>\n<\/div>\n<div id=\"contentwrap\">\n<div id=\"content\">\n<div class=\"item-page\">\n<p>Votre interlocuteur concernant l&rsquo;examen du brevet f\u00e9d\u00e9ral est le secr\u00e9tariat d&rsquo;examen:<\/p>\n<p>Secr\u00e9tariat d&rsquo;examen<br \/>\nBerufspr\u00fcfungskommission Pharma<br \/>\nVerena-Conzett-Strasse 23<br \/>\n8004 Z\u00fcrich<\/p>\n<p>T\u00e9l\u00e9phone 043 243 46 76<br \/>\n<span id=\"cloak9d88769fe942d638022c0fbe700a731d\"><a href=\"mailto:admin@pharma-betriebsassistentin.ch\">admin@pharma-betriebsassistentin.ch<\/a><\/span><\/p>\n<\/div>\n<\/div>\n<\/div>\n[\/vc_column_text][\/vc_column][\/vc_row][vc_row full_width=\u00a0\u00bbstretch_row\u00a0\u00bb column_spacing=\u00a0\u00bb0px\u00a0\u00bb css=\u00a0\u00bb.vc_custom_1669548088710{padding-top: 25px !important;padding-bottom: 50px !important;background-color: #ededed !important;}\u00a0\u00bb][vc_column]<h1 class=\"vcex-heading vcex-heading-plain vcex-module wpex-heading wpex-text-2xl wpex-h1 wpex-text-left vc_custom_1670154928645\"><span class=\"vcex-heading-inner wpex-inline-block\">Formulaire de contact<\/span><\/h1><div class=\"vcex-module vcex-divider vcex-divider-solid vcex-divider-left wpex-mr-auto wpex-max-w-100 wpex-block wpex-h-0 wpex-border-b wpex-border-solid wpex-border-main\" style=\"width:80px;border-bottom-width:3px;border-color:#009984;\"><\/div><div class=\"vcex-spacing wpex-w-100 wpex-clear\"><\/div><div class=\"vcex-contact-form\" data-ajaxurl=\"https:\/\/www.pharma-betriebsass.ch\/wp-admin\/admin-ajax.php\" data-notice-success=\"Wir haben Ihre Nachricht erhalten, besten Dank.\" data-notice-error=\"Da ist leider etwas schief gelaufen, bitte erneut versuchen.\" data-subject=\"Neue Nachricht von pharma-betriebsass.ch\" data-recaptcha=\"6Le7JTojAAAAAAOmmUPToo1eVsMq4HRfvFFLZBgp\" data-nonce=\"20c975e3f6\"><form class=\"vcex-contact-form__form\"><div class=\"vcex-contact-form__fields wpex-mb-15 wpex-flex wpex-gap-20 wpex-flex-wrap\"><div class=\"vcex-contact-form__name wpex-flex-grow\"><label class=\"vcex-contact-form__label wpex-block wpex-mb-5 wpex-font-semibold\" for=\"vcex-contact-form__69e3200aa099f-name\">Pr\u00e9nom et nom de famille<sup class=\"vcex-contact-form__required\">*<\/sup><\/label><input class=\"vcex-contact-form__input wpex-w-100\" type=\"text\" id=\"vcex-contact-form__69e3200aa099f-name\" name=\"vcex_cf_name\" required><\/div><div class=\"vcex-contact-form__email wpex-flex-grow\"><label class=\"vcex-contact-form__label wpex-block wpex-mb-5 wpex-font-semibold\" for=\"vcex-contact-form__69e3200aa099f-email\">E-mail<sup class=\"vcex-contact-form__required\">*<\/sup><\/label><input class=\"vcex-contact-form__input wpex-w-100\" type=\"email\" id=\"vcex-contact-form__69e3200aa099f-email\" name=\"vcex_cf_email\" required><\/div><\/div><div class=\"vcex-contact-form__message wpex-mb-15\"><label class=\"vcex-contact-form__label wpex-block wpex-mb-5 wpex-font-semibold\" for=\"vcex-contact-form__69e3200aa099f-message\">Message<\/label><textarea rows=\"8\" class=\"vcex-contact-form__textarea wpex-align-top wpex-w-100\" id=\"vcex-contact-form__69e3200aa099f-message\" name=\"vcex_cf_message\" required><\/textarea><\/div><div class=\"vcex-contact-form__privacy wpex-flex wpex-items-center wpex-gap-5 wpex-mb-15\"><input type=\"checkbox\" class=\"vcex-contact-form__checkbox\" id=\"vcex-contact-form__69e3200aa099f-privacy\" name=\"vcex_cf_privacy\" required><label class=\"vcex-contact-form__label wpex-block wpex-font-semibold\" for=\"vcex-contact-form__69e3200aa099f-privacy\">J'accepte la d\u00e9claration sur la <a href=\"https:\/\/www.pharma-betriebsass.ch\/privacy\/\" target=\"_blank\" rel=\"noopener noreferrer\">protection des donn\u00e9es<\/a>.<\/label><\/div><button class=\"vcex-contact-form__submit vcex-contact-form__submit--full wpex-flex wpex-w-100 wpex-text-1em wpex-items-center wpex-gap-10 wpex-justify-center wpex-opacity-100 theme-button\"><span class=\"vcex-contact-form__submit-text\">Envoyer le message<\/span><span class=\"vcex-contact-form__spinner wpex-icon wpex-hidden\"><svg height=\"20\" width=\"20\" class=\"wpex-animate-spin wpex-opacity-5\" xmlns=\"http:\/\/www.w3.org\/2000\/svg\" viewBox=\"0 0 16 16\" fill=\"currentColor\"><path fill-rule=\"evenodd\" d=\"M8 3a5 5 0 1 0 4.546 2.914.5.5 0 0 1 .908-.417A6 6 0 1 1 8 2z\"\/><path d=\"M8 4.466V.534a.25.25 0 0 1 .41-.192l2.36 1.966c.12.1.12.284 0 .384L8.41 4.658A.25.25 0 0 1 8 4.466\"\/><\/svg><\/span><\/button><div class=\"vcex-contact-form__notice wpex-hidden wpex-alert wpex-mt-15 wpex-mb-0\" role=\"alert\" aria-live=\"assertive\" tabindex=\"-1\"><\/div><\/form><div class=\"vcex-contact-form__overlay wpex-hidden\"><\/div><\/div>[\/vc_column][\/vc_row][vc_row full_width=\u00a0\u00bbstretch_row_content\u00a0\u00bb column_spacing=\u00a0\u00bb0px\u00a0\u00bb css=\u00a0\u00bb.vc_custom_1669548111031{padding-top: 0px !important;}\u00a0\u00bb][vc_column][vc_gmaps link=\u00a0\u00bb#E-8_JTNDaWZyYW1lJTIwc3JjJTNEJTIyaHR0cHMlM0ElMkYlMkZ3d3cuZ29vZ2xlLmNvbSUyRm1hcHMlMkZlbWJlZCUzRnBiJTNEJTIxMW0xOCUyMTFtMTIlMjExbTMlMjExZDE5MTAuNzAxNDkzMDQ4NTY0OCUyMTJkOC41MjY2NzM2NzcyOTMzMSUyMTNkNDcuMzcwMTg2NjUzNDUxNzMlMjEybTMlMjExZjAlMjEyZjAlMjEzZjAlMjEzbTIlMjExaTEwMjQlMjEyaTc2OCUyMTRmMTMuMSUyMTNtMyUyMTFtMiUyMTFzMHg0NzkwMGExY2ZlODlhM2U5JTI1M0EweGJjYTVjMmY0YzY2ZDZjZWElMjEyc1ZlcmVuYS1Db256ZXR0LVN0cmFzc2UlMjUyMDIzJTI1MkMlMjUyMDgwMDQlMjUyMFolMjVDMyUyNUJDcmljaCUyMTVlMCUyMTNtMiUyMTFzZGUlMjEyc2NoJTIxNHYxNjY5NTQ3OTkxOTYyJTIxNW0yJTIxMXNkZSUyMTJzY2glMjIlMjB3aWR0aCUzRCUyMjYwMCUyMiUyMGhlaWdodCUzRCUyMjQ1MCUyMiUyMHN0eWxlJTNEJTIyYm9yZGVyJTNBMCUzQiUyMiUyMGFsbG93ZnVsbHNjcmVlbiUzRCUyMiUyMiUyMGxvYWRpbmclM0QlMjJsYXp5JTIyJTIwcmVmZXJyZXJwb2xpY3klM0QlMjJuby1yZWZlcnJlci13aGVuLWRvd25ncmFkZSUyMiUzRSUzQyUyRmlmcmFtZSUzRQ==\u00a0\u00bb][\/vc_column][\/vc_row]\n<\/div>","protected":false},"excerpt":{"rendered":"<p>[vc_row full_width=\u00a0\u00bbstretch_row\u00a0\u00bb column_spacing=\u00a0\u00bb0px\u00a0\u00bb css=\u00a0\u00bb.vc_custom_1669547730989{padding-top: 50px !important;padding-bottom: 25px !important;}\u00a0\u00bb][vc_column][vc_column_text] Votre interlocuteur concernant l&rsquo;examen du brevet f\u00e9d\u00e9ral est le secr\u00e9tariat d&rsquo;examen: Secr\u00e9tariat d&rsquo;examen Berufspr\u00fcfungskommission Pharma Verena-Conzett-Strasse 23 8004 Z\u00fcrich T\u00e9l\u00e9phone 043 243 46 76 admin@pharma-betriebsassistentin.ch [\/vc_column_text][\/vc_column][\/vc_row][vc_row full_width=\u00a0\u00bbstretch_row\u00a0\u00bb column_spacing=\u00a0\u00bb0px\u00a0\u00bb css=\u00a0\u00bb.vc_custom_1669548088710{padding-top: 25px !important;padding-bottom: 50px !important;background-color: #ededed !important;}\u00a0\u00bb][vc_column][\/vc_column][\/vc_row][vc_row full_width=\u00a0\u00bbstretch_row_content\u00a0\u00bb column_spacing=\u00a0\u00bb0px\u00a0\u00bb css=\u00a0\u00bb.vc_custom_1669548111031{padding-top: 0px !important;}\u00a0\u00bb][vc_column][vc_gmaps link=\u00a0\u00bb#E-8_JTNDaWZyYW1lJTIwc3JjJTNEJTIyaHR0cHMlM0ElMkYlMkZ3d3cuZ29vZ2xlLmNvbSUyRm1hcHMlMkZlbWJlZCUzRnBiJTNEJTIxMW0xOCUyMTFtMTIlMjExbTMlMjExZDE5MTAuNzAxNDkzMDQ4NTY0OCUyMTJkOC41MjY2NzM2NzcyOTMzMSUyMTNkNDcuMzcwMTg2NjUzNDUxNzMlMjEybTMlMjExZjAlMjEyZjAlMjEzZjAlMjEzbTIlMjExaTEwMjQlMjEyaTc2OCUyMTRmMTMuMSUyMTNtMyUyMTFtMiUyMTFzMHg0NzkwMGExY2ZlODlhM2U5JTI1M0EweGJjYTVjMmY0YzY2ZDZjZWElMjEyc1ZlcmVuYS1Db256ZXR0LVN0cmFzc2UlMjUyMDIzJTI1MkMlMjUyMDgwMDQlMjUyMFolMjVDMyUyNUJDcmljaCUyMTVlMCUyMTNtMiUyMTFzZGUlMjEyc2NoJTIxNHYxNjY5NTQ3OTkxOTYyJTIxNW0yJTIxMXNkZSUyMTJzY2glMjIlMjB3aWR0aCUzRCUyMjYwMCUyMiUyMGhlaWdodCUzRCUyMjQ1MCUyMiUyMHN0eWxlJTNEJTIyYm9yZGVyJTNBMCUzQiUyMiUyMGFsbG93ZnVsbHNjcmVlbiUzRCUyMiUyMiUyMGxvYWRpbmclM0QlMjJsYXp5JTIyJTIwcmVmZXJyZXJwb2xpY3klM0QlMjJuby1yZWZlcnJlci13aGVuLWRvd25ncmFkZSUyMiUzRSUzQyUyRmlmcmFtZSUzRQ==\u00a0\u00bb][\/vc_column][\/vc_row]<\/p>\n","protected":false},"author":1,"featured_media":0,"parent":0,"menu_order":0,"comment_status":"closed","ping_status":"closed","template":"","meta":{"_acf_changed":false,"inline_featured_image":false,"footnotes":""},"class_list":["post-529","page","type-page","status-publish","hentry","entry","no-media"],"acf":[],"_links":{"self":[{"href":"https:\/\/www.pharma-betriebsass.ch\/fr\/wp-json\/wp\/v2\/pages\/529","targetHints":{"allow":["GET"]}}],"collection":[{"href":"https:\/\/www.pharma-betriebsass.ch\/fr\/wp-json\/wp\/v2\/pages"}],"about":[{"href":"https:\/\/www.pharma-betriebsass.ch\/fr\/wp-json\/wp\/v2\/types\/page"}],"author":[{"embeddable":true,"href":"https:\/\/www.pharma-betriebsass.ch\/fr\/wp-json\/wp\/v2\/users\/1"}],"replies":[{"embeddable":true,"href":"https:\/\/www.pharma-betriebsass.ch\/fr\/wp-json\/wp\/v2\/comments?post=529"}],"version-history":[{"count":8,"href":"https:\/\/www.pharma-betriebsass.ch\/fr\/wp-json\/wp\/v2\/pages\/529\/revisions"}],"predecessor-version":[{"id":560,"href":"https:\/\/www.pharma-betriebsass.ch\/fr\/wp-json\/wp\/v2\/pages\/529\/revisions\/560"}],"wp:attachment":[{"href":"https:\/\/www.pharma-betriebsass.ch\/fr\/wp-json\/wp\/v2\/media?parent=529"}],"curies":[{"name":"wp","href":"https:\/\/api.w.org\/{rel}","templated":true}]}}