{"id":525,"date":"2022-11-26T15:55:37","date_gmt":"2022-11-26T14:55:37","guid":{"rendered":"https:\/\/pharma.studio360.ch\/kursanbieter\/"},"modified":"2022-12-04T13:17:53","modified_gmt":"2022-12-04T12:17:53","slug":"prestataires-de-formation","status":"publish","type":"page","link":"https:\/\/www.pharma-betriebsass.ch\/fr\/prestataires-de-formation\/","title":{"rendered":"Prestataires de formation"},"content":{"rendered":"<div class=\"wpb-content-wrapper\">[vc_row full_width=\u00a0\u00bbstretch_row\u00a0\u00bb column_spacing=\u00a0\u00bb0px\u00a0\u00bb css=\u00a0\u00bb.vc_custom_1669472850591{padding-top: 50px !important;padding-bottom: 50px !important;}\u00a0\u00bb][vc_column]<h1 class=\"vcex-heading vcex-heading-plain vcex-module wpex-heading wpex-text-2xl wpex-h1 wpex-text-left vc_custom_1670144480399\"><span class=\"vcex-heading-inner wpex-inline-block\">Prestataires de formation<\/span><\/h1><div class=\"vcex-module vcex-divider vcex-divider-solid vcex-divider-left wpex-mr-auto wpex-max-w-100 wpex-block wpex-h-0 wpex-border-b wpex-border-solid wpex-border-main\" style=\"width:80px;border-bottom-width:3px;border-color:#009984;\"><\/div><div class=\"vcex-spacing wpex-w-100 wpex-clear\"><\/div>[vc_column_text visibility=\u00a0\u00bb\u00a0\u00bb font_weight=\u00a0\u00bb\u00a0\u00bb text_transform=\u00a0\u00bb\u00a0\u00bb]\n<h4>IFCAM Institut Suisse pour la formation des chefs d&rsquo;entreprise<\/h4>\n<p>IFCAM Institut Suisse pour la formation des chefs d&rsquo;entreprise<br \/>\nRoute du Lac 2<br \/>\nCase postale 1215<br \/>\nCH-1001 Lausanne<\/p>\n<p>Tel: 021 796 33 25<br \/>\n<a href=\"mailto:siu@siu.ch\">robert.dufner@romandieformation.ch<\/a><br \/>\n<a href=\"https:\/\/www.siu.ch\/fr\" target=\"_blank\" rel=\"noopener\">www.siu.ch<\/a><\/p>\n<p>Vous trouverez des informations d\u00e9taill\u00e9es concernant les cours pr\u00e9paratoires \u00e0 l&rsquo;examen du brevet f\u00e9d\u00e9ral sous : <a href=\"https:\/\/www.romandieformation.ch\/formation\/commerce-vente\/\" target=\"_blank\" rel=\"noopener noreferrer\">Offres de formation Assistant\/e de gestion de pharmacie<\/a>[\/vc_column_text][\/vc_column][\/vc_row]\n<\/div>","protected":false},"excerpt":{"rendered":"<p>[vc_row full_width=\u00a0\u00bbstretch_row\u00a0\u00bb column_spacing=\u00a0\u00bb0px\u00a0\u00bb css=\u00a0\u00bb.vc_custom_1669472850591{padding-top: 50px !important;padding-bottom: 50px !important;}\u00a0\u00bb][vc_column][vc_column_text visibility=\u00a0\u00bb\u00a0\u00bb font_weight=\u00a0\u00bb\u00a0\u00bb text_transform=\u00a0\u00bb\u00a0\u00bb] IFCAM Institut Suisse pour la formation des chefs d&rsquo;entreprise IFCAM Institut Suisse pour la formation des chefs d&rsquo;entreprise Route du Lac 2 Case postale 1215 CH-1001 Lausanne Tel: 021 796 33 25 robert.dufner@romandieformation.ch www.siu.ch Vous trouverez des informations d\u00e9taill\u00e9es concernant les cours pr\u00e9paratoires \u00e0&hellip;<\/p>\n","protected":false},"author":1,"featured_media":0,"parent":0,"menu_order":0,"comment_status":"closed","ping_status":"closed","template":"","meta":{"_acf_changed":false,"inline_featured_image":false,"footnotes":""},"class_list":["post-525","page","type-page","status-publish","hentry","entry","no-media"],"acf":[],"_links":{"self":[{"href":"https:\/\/www.pharma-betriebsass.ch\/fr\/wp-json\/wp\/v2\/pages\/525","targetHints":{"allow":["GET"]}}],"collection":[{"href":"https:\/\/www.pharma-betriebsass.ch\/fr\/wp-json\/wp\/v2\/pages"}],"about":[{"href":"https:\/\/www.pharma-betriebsass.ch\/fr\/wp-json\/wp\/v2\/types\/page"}],"author":[{"embeddable":true,"href":"https:\/\/www.pharma-betriebsass.ch\/fr\/wp-json\/wp\/v2\/users\/1"}],"replies":[{"embeddable":true,"href":"https:\/\/www.pharma-betriebsass.ch\/fr\/wp-json\/wp\/v2\/comments?post=525"}],"version-history":[{"count":4,"href":"https:\/\/www.pharma-betriebsass.ch\/fr\/wp-json\/wp\/v2\/pages\/525\/revisions"}],"predecessor-version":[{"id":562,"href":"https:\/\/www.pharma-betriebsass.ch\/fr\/wp-json\/wp\/v2\/pages\/525\/revisions\/562"}],"wp:attachment":[{"href":"https:\/\/www.pharma-betriebsass.ch\/fr\/wp-json\/wp\/v2\/media?parent=525"}],"curies":[{"name":"wp","href":"https:\/\/api.w.org\/{rel}","templated":true}]}}