{"id":521,"date":"2022-11-26T15:55:15","date_gmt":"2022-11-26T14:55:15","guid":{"rendered":"https:\/\/pharma.studio360.ch\/traegerorganisationen\/"},"modified":"2025-04-01T14:35:10","modified_gmt":"2025-04-01T12:35:10","slug":"organe-responsable","status":"publish","type":"page","link":"https:\/\/www.pharma-betriebsass.ch\/fr\/organe-responsable\/","title":{"rendered":"Organe responsable"},"content":{"rendered":"<div class=\"wpb-content-wrapper\">[vc_row full_width=\u00a0\u00bbstretch_row\u00a0\u00bb column_spacing=\u00a0\u00bb0px\u00a0\u00bb css=\u00a0\u00bb.vc_custom_1669472850591{padding-top: 50px !important;padding-bottom: 50px !important;}\u00a0\u00bb][vc_column]<h1 class=\"vcex-heading vcex-heading-plain vcex-module wpex-heading wpex-text-2xl wpex-h1 wpex-text-left vc_custom_1670144349846\"><span class=\"vcex-heading-inner wpex-inline-block\">Organe responsable<\/span><\/h1><div class=\"vcex-module vcex-divider vcex-divider-solid vcex-divider-left wpex-mr-auto wpex-max-w-100 wpex-block wpex-h-0 wpex-border-b wpex-border-solid wpex-border-main\" style=\"width:80px;border-bottom-width:3px;border-color:#009984;\"><\/div><div class=\"vcex-spacing wpex-w-100 wpex-clear\"><\/div>[vc_column_text]\n<h4>CAP<\/h4>\n<p>Secr\u00e9tariat du CAP<br \/>\nRue Juste Olivier 16<br \/>\n1260 Nyon<\/p>\n<p>T\u00e9l\u00e9phone 022 363 00 80<br \/>\n<a href=\"mailto:mailbox@pharmacap.ch\">mailbox@pharmacap.ch<\/a><br \/>\n<a href=\"https:\/\/www.pharmacap.ch\/\" target=\"_blank\" rel=\"noopener\">www.pharmacap.ch<\/a><\/p>\n<h4>pharmaSuisse<\/h4>\n<p>Soci\u00e9t\u00e9 Suisse des Pharmaciens<br \/>\nStationsstrasse 12<br \/>\n3097 Bern \u2013 Liebefeld<br \/>\nT\u00e9l\u00e9phone 031 978 58 58<\/p>\n<p><a href=\"mailto:info@pharmasuisse.org\">info@pharmasuisse.org<\/a><br \/>\n<a href=\"https:\/\/www.pharmasuisse.org\/\" target=\"_blank\" rel=\"noopener\">www.pharmasuisse.org<\/a>[\/vc_column_text]<div class=\"vcex-spacing wpex-w-100 wpex-clear\"><\/div><style>.vcex-image.vcex_69e32033ea9b0 .vcex-image-inner{max-width:500px;}<\/style><figure class=\"vcex-image vcex-module vcex_69e32033ea9b0\"><div class=\"vcex-image-inner wpex-relative wpex-inline-block\"><img width=\"1798\" height=\"597\" src=\"https:\/\/www.pharma-betriebsass.ch\/wp-content\/uploads\/combined_logo-1.jpg\" class=\"vcex-image-img wpex-align-middle\" alt=\"\" loading=\"lazy\" decoding=\"async\" srcset=\"https:\/\/www.pharma-betriebsass.ch\/wp-content\/uploads\/combined_logo-1.jpg 1798w, https:\/\/www.pharma-betriebsass.ch\/wp-content\/uploads\/combined_logo-1-300x100.jpg 300w, https:\/\/www.pharma-betriebsass.ch\/wp-content\/uploads\/combined_logo-1-1024x340.jpg 1024w, https:\/\/www.pharma-betriebsass.ch\/wp-content\/uploads\/combined_logo-1-768x255.jpg 768w, https:\/\/www.pharma-betriebsass.ch\/wp-content\/uploads\/combined_logo-1-1536x510.jpg 1536w\" sizes=\"auto, (max-width: 1798px) 100vw, 1798px\" \/><\/div><\/figure>[\/vc_column][\/vc_row]\n<\/div>","protected":false},"excerpt":{"rendered":"<p>[vc_row full_width=\u00a0\u00bbstretch_row\u00a0\u00bb column_spacing=\u00a0\u00bb0px\u00a0\u00bb css=\u00a0\u00bb.vc_custom_1669472850591{padding-top: 50px !important;padding-bottom: 50px !important;}\u00a0\u00bb][vc_column][vc_column_text] CAP Secr\u00e9tariat du CAP Rue Juste Olivier 16 1260 Nyon T\u00e9l\u00e9phone 022 363 00 80 mailbox@pharmacap.ch www.pharmacap.ch pharmaSuisse Soci\u00e9t\u00e9 Suisse des Pharmaciens Stationsstrasse 12 3097 Bern \u2013 Liebefeld T\u00e9l\u00e9phone 031 978 58 58 info@pharmasuisse.org www.pharmasuisse.org[\/vc_column_text][\/vc_column][\/vc_row]<\/p>\n","protected":false},"author":1,"featured_media":0,"parent":0,"menu_order":0,"comment_status":"closed","ping_status":"closed","template":"","meta":{"_acf_changed":false,"inline_featured_image":false,"footnotes":""},"class_list":["post-521","page","type-page","status-publish","hentry","entry","no-media"],"acf":[],"_links":{"self":[{"href":"https:\/\/www.pharma-betriebsass.ch\/fr\/wp-json\/wp\/v2\/pages\/521","targetHints":{"allow":["GET"]}}],"collection":[{"href":"https:\/\/www.pharma-betriebsass.ch\/fr\/wp-json\/wp\/v2\/pages"}],"about":[{"href":"https:\/\/www.pharma-betriebsass.ch\/fr\/wp-json\/wp\/v2\/types\/page"}],"author":[{"embeddable":true,"href":"https:\/\/www.pharma-betriebsass.ch\/fr\/wp-json\/wp\/v2\/users\/1"}],"replies":[{"embeddable":true,"href":"https:\/\/www.pharma-betriebsass.ch\/fr\/wp-json\/wp\/v2\/comments?post=521"}],"version-history":[{"count":5,"href":"https:\/\/www.pharma-betriebsass.ch\/fr\/wp-json\/wp\/v2\/pages\/521\/revisions"}],"predecessor-version":[{"id":797,"href":"https:\/\/www.pharma-betriebsass.ch\/fr\/wp-json\/wp\/v2\/pages\/521\/revisions\/797"}],"wp:attachment":[{"href":"https:\/\/www.pharma-betriebsass.ch\/fr\/wp-json\/wp\/v2\/media?parent=521"}],"curies":[{"name":"wp","href":"https:\/\/api.w.org\/{rel}","templated":true}]}}