{"id":517,"date":"2022-11-26T15:52:29","date_gmt":"2022-11-26T14:52:29","guid":{"rendered":"https:\/\/pharma.studio360.ch\/berufstitel\/"},"modified":"2022-12-04T14:17:02","modified_gmt":"2022-12-04T13:17:02","slug":"titre","status":"publish","type":"page","link":"https:\/\/www.pharma-betriebsass.ch\/fr\/titre\/","title":{"rendered":"Titre"},"content":{"rendered":"<div class=\"wpb-content-wrapper\">[vc_row full_width=\u00a0\u00bbstretch_row\u00a0\u00bb column_spacing=\u00a0\u00bb0px\u00a0\u00bb css=\u00a0\u00bb.vc_custom_1669472850591{padding-top: 50px !important;padding-bottom: 50px !important;}\u00a0\u00bb][vc_column]<h1 class=\"vcex-heading vcex-heading-plain vcex-module wpex-heading wpex-text-2xl wpex-h1 wpex-text-left vc_custom_1670143172542\"><span class=\"vcex-heading-inner wpex-inline-block\">Titre<\/span><\/h1><div class=\"vcex-module vcex-divider vcex-divider-solid vcex-divider-left wpex-mr-auto wpex-max-w-100 wpex-block wpex-h-0 wpex-border-b wpex-border-solid wpex-border-main\" style=\"width:80px;border-bottom-width:3px;border-color:#009984;\"><\/div><div class=\"vcex-spacing wpex-w-100 wpex-clear\"><\/div>[vc_column_text visibility=\u00a0\u00bb\u00a0\u00bb font_weight=\u00a0\u00bb\u00a0\u00bb text_transform=\u00a0\u00bb\u00a0\u00bb]Le brevet f\u00e9d\u00e9ral est d\u00e9livr\u00e9 par le SEFRI \u00e0 la demande de la commission d&rsquo;examen et porte la signature du directeur du SEFRI et du pr\u00e9sident de la commission d&rsquo;examen.<\/p>\n<p><strong>Les titulaires du brevet sont autoris\u00e9s \u00e0 porter le titre prot\u00e9g\u00e9 de:<\/strong><\/p>\n<ul>\n<li>Assistant\/e de gestion en pharmacie avec brevet f\u00e9d\u00e9ral<\/li>\n<li>Pharma-Betriebsassistentin \/ Pharma-Betriebsassistent mit eidgen\u00f6ssischem Fachausweis<\/li>\n<li>Assistente aziendale in farmacia con attestato professionale federale<\/li>\n<\/ul>\n<p>La traduction anglaise recommand\u00e9e est Assistant in Pharmacy Management with Federal Diploma of Professional Education and Training.<\/p>\n<p>Les noms des titulaires de brevet sont inscrits dans un registre tenu par le SEFRI.[\/vc_column_text][\/vc_column][\/vc_row]\n<\/div>","protected":false},"excerpt":{"rendered":"<p>[vc_row full_width=\u00a0\u00bbstretch_row\u00a0\u00bb column_spacing=\u00a0\u00bb0px\u00a0\u00bb css=\u00a0\u00bb.vc_custom_1669472850591{padding-top: 50px !important;padding-bottom: 50px !important;}\u00a0\u00bb][vc_column][vc_column_text visibility=\u00a0\u00bb\u00a0\u00bb font_weight=\u00a0\u00bb\u00a0\u00bb text_transform=\u00a0\u00bb\u00a0\u00bb]Le brevet f\u00e9d\u00e9ral est d\u00e9livr\u00e9 par le SEFRI \u00e0 la demande de la commission d&rsquo;examen et porte la signature du directeur du SEFRI et du pr\u00e9sident de la commission d&rsquo;examen. Les titulaires du brevet sont autoris\u00e9s \u00e0 porter le titre prot\u00e9g\u00e9 de: Assistant\/e de gestion&hellip;<\/p>\n","protected":false},"author":1,"featured_media":0,"parent":0,"menu_order":0,"comment_status":"closed","ping_status":"closed","template":"","meta":{"_acf_changed":false,"inline_featured_image":false,"footnotes":""},"class_list":["post-517","page","type-page","status-publish","hentry","entry","no-media"],"acf":[],"_links":{"self":[{"href":"https:\/\/www.pharma-betriebsass.ch\/fr\/wp-json\/wp\/v2\/pages\/517","targetHints":{"allow":["GET"]}}],"collection":[{"href":"https:\/\/www.pharma-betriebsass.ch\/fr\/wp-json\/wp\/v2\/pages"}],"about":[{"href":"https:\/\/www.pharma-betriebsass.ch\/fr\/wp-json\/wp\/v2\/types\/page"}],"author":[{"embeddable":true,"href":"https:\/\/www.pharma-betriebsass.ch\/fr\/wp-json\/wp\/v2\/users\/1"}],"replies":[{"embeddable":true,"href":"https:\/\/www.pharma-betriebsass.ch\/fr\/wp-json\/wp\/v2\/comments?post=517"}],"version-history":[{"count":3,"href":"https:\/\/www.pharma-betriebsass.ch\/fr\/wp-json\/wp\/v2\/pages\/517\/revisions"}],"predecessor-version":[{"id":589,"href":"https:\/\/www.pharma-betriebsass.ch\/fr\/wp-json\/wp\/v2\/pages\/517\/revisions\/589"}],"wp:attachment":[{"href":"https:\/\/www.pharma-betriebsass.ch\/fr\/wp-json\/wp\/v2\/media?parent=517"}],"curies":[{"name":"wp","href":"https:\/\/api.w.org\/{rel}","templated":true}]}}