{"id":513,"date":"2022-11-26T15:54:47","date_gmt":"2022-11-26T14:54:47","guid":{"rendered":"https:\/\/pharma.studio360.ch\/zulassung\/"},"modified":"2022-12-04T14:16:11","modified_gmt":"2022-12-04T13:16:11","slug":"admission","status":"publish","type":"page","link":"https:\/\/www.pharma-betriebsass.ch\/fr\/admission\/","title":{"rendered":"Admission"},"content":{"rendered":"<div class=\"wpb-content-wrapper\">[vc_row full_width=\u00a0\u00bbstretch_row\u00a0\u00bb column_spacing=\u00a0\u00bb0px\u00a0\u00bb css=\u00a0\u00bb.vc_custom_1669472850591{padding-top: 50px !important;padding-bottom: 50px !important;}\u00a0\u00bb][vc_column]<h1 class=\"vcex-heading vcex-heading-plain vcex-module wpex-heading wpex-text-2xl wpex-h1 wpex-text-left vc_custom_1670143036321\"><span class=\"vcex-heading-inner wpex-inline-block\">Admission<\/span><\/h1><div class=\"vcex-module vcex-divider vcex-divider-solid vcex-divider-left wpex-mr-auto wpex-max-w-100 wpex-block wpex-h-0 wpex-border-b wpex-border-solid wpex-border-main\" style=\"width:80px;border-bottom-width:3px;border-color:#009984;\"><\/div><div class=\"vcex-spacing wpex-w-100 wpex-clear\"><\/div>[vc_column_text visibility=\u00a0\u00bb\u00a0\u00bb font_weight=\u00a0\u00bb\u00a0\u00bb text_transform=\u00a0\u00bb\u00a0\u00bb]Sont admis \u00e0 l&rsquo;examen les candidats qui:<\/p>\n<ol>\n<li>d\u00e9tiennent un certificat f\u00e9d\u00e9ral de capacit\u00e9 (CFC) d&rsquo;assistante en pharmacie\/ assistant en pharmacie ou droguiste ou un dipl\u00f4me \u00e9tranger \u00e9quivalent reconnu par la Conf\u00e9d\u00e9ration et<\/li>\n<li>poss\u00e8dent une exp\u00e9rience professionnelle d&rsquo;au moins 3 ans dans une pharma-cie en Suisse;<\/li>\n<\/ol>\n<p>Les candidats sont admis sous r\u00e9serve du paiement de la taxe d&rsquo;examen selon le ch. 3.41.<\/p>\n<p>Les d\u00e9cisions concernant l&rsquo;admission \u00e0 l&rsquo;examen sont communiqu\u00e9es par \u00e9crit aux candidats au moins trois mois avant le d\u00e9but de l&rsquo;examen. Les d\u00e9cisions n\u00e9gatives indiquent les motifs et les voies de droit.[\/vc_column_text][\/vc_column][\/vc_row]\n<\/div>","protected":false},"excerpt":{"rendered":"<p>[vc_row full_width=\u00a0\u00bbstretch_row\u00a0\u00bb column_spacing=\u00a0\u00bb0px\u00a0\u00bb css=\u00a0\u00bb.vc_custom_1669472850591{padding-top: 50px !important;padding-bottom: 50px !important;}\u00a0\u00bb][vc_column][vc_column_text visibility=\u00a0\u00bb\u00a0\u00bb font_weight=\u00a0\u00bb\u00a0\u00bb text_transform=\u00a0\u00bb\u00a0\u00bb]Sont admis \u00e0 l&rsquo;examen les candidats qui: d\u00e9tiennent un certificat f\u00e9d\u00e9ral de capacit\u00e9 (CFC) d&rsquo;assistante en pharmacie\/ assistant en pharmacie ou droguiste ou un dipl\u00f4me \u00e9tranger \u00e9quivalent reconnu par la Conf\u00e9d\u00e9ration et poss\u00e8dent une exp\u00e9rience professionnelle d&rsquo;au moins 3 ans dans une pharma-cie en Suisse;&hellip;<\/p>\n","protected":false},"author":1,"featured_media":0,"parent":0,"menu_order":0,"comment_status":"closed","ping_status":"closed","template":"","meta":{"_acf_changed":false,"inline_featured_image":false,"footnotes":""},"class_list":["post-513","page","type-page","status-publish","hentry","entry","no-media"],"acf":[],"_links":{"self":[{"href":"https:\/\/www.pharma-betriebsass.ch\/fr\/wp-json\/wp\/v2\/pages\/513","targetHints":{"allow":["GET"]}}],"collection":[{"href":"https:\/\/www.pharma-betriebsass.ch\/fr\/wp-json\/wp\/v2\/pages"}],"about":[{"href":"https:\/\/www.pharma-betriebsass.ch\/fr\/wp-json\/wp\/v2\/types\/page"}],"author":[{"embeddable":true,"href":"https:\/\/www.pharma-betriebsass.ch\/fr\/wp-json\/wp\/v2\/users\/1"}],"replies":[{"embeddable":true,"href":"https:\/\/www.pharma-betriebsass.ch\/fr\/wp-json\/wp\/v2\/comments?post=513"}],"version-history":[{"count":3,"href":"https:\/\/www.pharma-betriebsass.ch\/fr\/wp-json\/wp\/v2\/pages\/513\/revisions"}],"predecessor-version":[{"id":588,"href":"https:\/\/www.pharma-betriebsass.ch\/fr\/wp-json\/wp\/v2\/pages\/513\/revisions\/588"}],"wp:attachment":[{"href":"https:\/\/www.pharma-betriebsass.ch\/fr\/wp-json\/wp\/v2\/media?parent=513"}],"curies":[{"name":"wp","href":"https:\/\/api.w.org\/{rel}","templated":true}]}}