{"id":509,"date":"2022-11-26T15:52:04","date_gmt":"2022-11-26T14:52:04","guid":{"rendered":"https:\/\/pharma.studio360.ch\/pruefungsvorbereitung\/"},"modified":"2022-12-04T14:14:35","modified_gmt":"2022-12-04T13:14:35","slug":"preparation-a-l-examen","status":"publish","type":"page","link":"https:\/\/www.pharma-betriebsass.ch\/fr\/preparation-a-l-examen\/","title":{"rendered":"Pr\u00e9paration \u00e0 l&rsquo;examen"},"content":{"rendered":"<div class=\"wpb-content-wrapper\">[vc_row full_width=\u00a0\u00bbstretch_row\u00a0\u00bb column_spacing=\u00a0\u00bb0px\u00a0\u00bb css=\u00a0\u00bb.vc_custom_1669472850591{padding-top: 50px !important;padding-bottom: 50px !important;}\u00a0\u00bb][vc_column]<h1 class=\"vcex-heading vcex-heading-plain vcex-module wpex-heading wpex-text-2xl wpex-h1 wpex-text-left vc_custom_1670142931525\"><span class=\"vcex-heading-inner wpex-inline-block\">Documents pour la pr\u00e9paration \u00e0 l'examen<\/span><\/h1><div class=\"vcex-module vcex-divider vcex-divider-solid vcex-divider-left wpex-mr-auto wpex-max-w-100 wpex-block wpex-h-0 wpex-border-b wpex-border-solid wpex-border-main\" style=\"width:80px;border-bottom-width:3px;border-color:#009984;\"><\/div><div class=\"vcex-spacing wpex-w-100 wpex-clear\"><\/div>[vc_column_text visibility=\u00a0\u00bb\u00a0\u00bb font_weight=\u00a0\u00bb\u00a0\u00bb text_transform=\u00a0\u00bb\u00a0\u00bb]<strong>Download s\u00e9rie pilote<\/strong><\/p>\n<p>Les s\u00e9ries pilotes constituent uniquement des exemples. <strong>Font foi uniquement les dispositions du r\u00e8glement d&rsquo;examen et des directives.<\/strong><\/p>\n<p><strong>S\u00e9ries pilotes examens \u00e9crits<\/strong><\/p>\n<p><a class=\"wf_file\" href=\"\/wp-content\/uploads\/Etude_de_cas_Management_de_la_pharmacie_AGP_Serie_0_FR.pdf\" target=\"_blank\" rel=\"noopener noreferrer\"><span class=\"wf_file_text\">Examen Management_de_la_pharmacie_S\u00e9rie_0.pdf<\/span><\/a><br \/>\n<a class=\"wf_file\" href=\"\/wp-content\/uploads\/Etude_de_cas_Management_de_la_pharmacie_AGP_Serie_0_solution_FR.pdf\" target=\"_blank\" rel=\"noopener noreferrer\"><span class=\"wf_file_text\">Solutions Management_de_la_pharmacie_S\u00e9rie_0.pdf<\/span><\/a><\/p>\n<p><a class=\"wf_file\" href=\"\/wp-content\/uploads\/Finances_et_comptabilite_AGP_Serie_0_FR.pdf\" target=\"_blank\" rel=\"noopener noreferrer\"><span class=\"wf_file_text\">Examen Finances_et_comptabilit\u00e9_S\u00e9rie_0.pdf<\/span><\/a><br \/>\n<a class=\"wf_file\" href=\"\/wp-content\/uploads\/Finances_et_comptabilite_AGP_Serie_0_solution_FR.pdf\" target=\"_blank\" rel=\"noopener noreferrer\"><span class=\"wf_file_text\">Solutions Finances_et_comptabilit\u00e9_S\u00e9rie_0.pdf<\/span><\/a><\/p>\n<p><strong>Nullserie m\u00fcndliche Pr\u00fcfung<\/strong><\/p>\n<p><a class=\"wf_file\" href=\"\/wp-content\/uploads\/Examen_oral_BOG_0-Serie_candidat.pdf\" target=\"_blank\" rel=\"noopener noreferrer\"><span class=\"wf_file_text\">Organisation d&rsquo;entreprise_S\u00e9rie_0_example pour la candidat.pdf<\/span><\/a><br \/>\n<a class=\"wf_file\" href=\"\/wp-content\/uploads\/Examen_oral_BOG_0-Serie.pdf\" target=\"_blank\" rel=\"noopener noreferrer\"><span class=\"wf_file_text\">Organisation d&rsquo;entreprise_S\u00e9rie_0_example pour les experts.pdf<\/span><\/a><\/p>\n<p><strong>D\u00e9roulement de l&rsquo;examen oral<\/strong><\/p>\n<ol>\n<li>Salutation de la candidate et contr\u00f4le d&rsquo;identit\u00e9<\/li>\n<li>Pr\u00e9sentation des experts et de la candidate, information concernant le d\u00e9roulement de l&rsquo;examen<\/li>\n<li>Traitement de la description de la premi\u00e8re situation: la candidate a du temps pour lire la description de la situation; pendant la pr\u00e9paration, la candidate peut prendre des notes. Puis l&rsquo;entretien sur la situation commence.<\/li>\n<li>Par la suite, la deuxi\u00e8me et la troisi\u00e8me situation est trait\u00e9e de fa\u00e7on analogue.<\/li>\n<\/ol>\n<p>Dans la salle d&rsquo;examen, la candidate dispose d&rsquo;un bloc-notes et instruments d&rsquo;\u00e9criture.<\/p>\n<p><strong>Autre documents<\/strong><\/p>\n<p><a class=\"wf_file\" href=\"\/wp-content\/uploads\/Pruefungsregeln_PBA_FR_def_2018.pdf\" target=\"_blank\" rel=\"noopener noreferrer\">R\u00e8gles des examen \u00e9crits.pdf<\/a><br \/>\n<a class=\"wf_file\" href=\"\/wp-content\/uploads\/Attribution_des_notes.pdf\" target=\"_blank\" rel=\"noopener noreferrer\"><span class=\"wf_file_text\">Attribution_des_notes.pdf<\/span><\/a>[\/vc_column_text][\/vc_column][\/vc_row]\n<\/div>","protected":false},"excerpt":{"rendered":"<p>[vc_row full_width=\u00a0\u00bbstretch_row\u00a0\u00bb column_spacing=\u00a0\u00bb0px\u00a0\u00bb css=\u00a0\u00bb.vc_custom_1669472850591{padding-top: 50px !important;padding-bottom: 50px !important;}\u00a0\u00bb][vc_column][vc_column_text visibility=\u00a0\u00bb\u00a0\u00bb font_weight=\u00a0\u00bb\u00a0\u00bb text_transform=\u00a0\u00bb\u00a0\u00bb]Download s\u00e9rie pilote Les s\u00e9ries pilotes constituent uniquement des exemples. Font foi uniquement les dispositions du r\u00e8glement d&rsquo;examen et des directives. S\u00e9ries pilotes examens \u00e9crits Examen Management_de_la_pharmacie_S\u00e9rie_0.pdf Solutions Management_de_la_pharmacie_S\u00e9rie_0.pdf Examen Finances_et_comptabilit\u00e9_S\u00e9rie_0.pdf Solutions Finances_et_comptabilit\u00e9_S\u00e9rie_0.pdf Nullserie m\u00fcndliche Pr\u00fcfung Organisation d&rsquo;entreprise_S\u00e9rie_0_example pour la candidat.pdf Organisation d&rsquo;entreprise_S\u00e9rie_0_example pour les&hellip;<\/p>\n","protected":false},"author":1,"featured_media":0,"parent":0,"menu_order":0,"comment_status":"closed","ping_status":"closed","template":"","meta":{"_acf_changed":false,"inline_featured_image":false,"footnotes":""},"class_list":["post-509","page","type-page","status-publish","hentry","entry","no-media"],"acf":[],"_links":{"self":[{"href":"https:\/\/www.pharma-betriebsass.ch\/fr\/wp-json\/wp\/v2\/pages\/509","targetHints":{"allow":["GET"]}}],"collection":[{"href":"https:\/\/www.pharma-betriebsass.ch\/fr\/wp-json\/wp\/v2\/pages"}],"about":[{"href":"https:\/\/www.pharma-betriebsass.ch\/fr\/wp-json\/wp\/v2\/types\/page"}],"author":[{"embeddable":true,"href":"https:\/\/www.pharma-betriebsass.ch\/fr\/wp-json\/wp\/v2\/users\/1"}],"replies":[{"embeddable":true,"href":"https:\/\/www.pharma-betriebsass.ch\/fr\/wp-json\/wp\/v2\/comments?post=509"}],"version-history":[{"count":5,"href":"https:\/\/www.pharma-betriebsass.ch\/fr\/wp-json\/wp\/v2\/pages\/509\/revisions"}],"predecessor-version":[{"id":587,"href":"https:\/\/www.pharma-betriebsass.ch\/fr\/wp-json\/wp\/v2\/pages\/509\/revisions\/587"}],"wp:attachment":[{"href":"https:\/\/www.pharma-betriebsass.ch\/fr\/wp-json\/wp\/v2\/media?parent=509"}],"curies":[{"name":"wp","href":"https:\/\/api.w.org\/{rel}","templated":true}]}}