{"id":505,"date":"2022-11-26T15:51:40","date_gmt":"2022-11-26T14:51:40","guid":{"rendered":"https:\/\/pharma.studio360.ch\/anmeldung\/"},"modified":"2023-01-25T08:35:24","modified_gmt":"2023-01-25T07:35:24","slug":"inscriptions","status":"publish","type":"page","link":"https:\/\/www.pharma-betriebsass.ch\/fr\/inscriptions\/","title":{"rendered":"Inscriptions"},"content":{"rendered":"<div class=\"wpb-content-wrapper\">[vc_row full_width=\u00a0\u00bbstretch_row\u00a0\u00bb column_spacing=\u00a0\u00bb0px\u00a0\u00bb css=\u00a0\u00bb.vc_custom_1669472850591{padding-top: 50px !important;padding-bottom: 50px !important;}\u00a0\u00bb][vc_column]<h1 class=\"vcex-heading vcex-heading-plain vcex-module wpex-heading wpex-text-2xl wpex-h1 wpex-text-left vc_custom_1670090676140\"><span class=\"vcex-heading-inner wpex-inline-block\">Inscriptions<\/span><\/h1><div class=\"vcex-module vcex-divider vcex-divider-solid vcex-divider-left wpex-mr-auto wpex-max-w-100 wpex-block wpex-h-0 wpex-border-b wpex-border-solid wpex-border-main\" style=\"width:80px;border-bottom-width:3px;border-color:#009984;\"><\/div><div class=\"vcex-spacing wpex-w-100 wpex-clear\"><\/div>[vc_column_text]Pour les inscriptions, veuillez vous adresser au secr\u00e9tariat d\u2019examen:<\/p>\n<p>Secr\u00e9tariat d\u2019examen<br \/>\nBerufspr\u00fcfungskommission Pharma<br \/>\nVerena-Conzett-Strasse 23<br \/>\n8004 Z\u00fcrich<br \/>\nT\u00e9l\u00e9phone 043 243 46 76<br \/>\n<span id=\"cloakff8d84cf7abb165ebaa9981dcded04ce\"><a href=\"mailto:admin@pharma-betriebsassistentin.ch\">admin@pharma-betriebsassistentin.ch<\/a><\/span>[\/vc_column_text]<div class=\"vcex-spacing wpex-w-100 wpex-clear\"><\/div>[vc_column_text]<strong>Formulaire d&rsquo;inscription pour l&rsquo;examen professionnel d&rsquo;octobre\/novembre 2023 (exclusivement en allemand)<\/strong>[\/vc_column_text]<div class=\"vcex-spacing wpex-w-100 wpex-clear\"><\/div><a href=\"\/wp-content\/uploads\/Pharma-Begleitbrief-Anmeldung-2023.pdf\" class=\"vcex-button theme-button inline\" target=\"_blank\" rel=\"noopener noreferrer\"><span class=\"vcex-button-inner theme-button-inner wpex-flex wpex-flex-wrap wpex-items-center wpex-justify-center\">Lettre d&rsquo;accompagnement (DE)<\/span><\/a> <a href=\"\/wp-content\/uploads\/Pharma-Anmeldeformular-2023.pdf\" class=\"vcex-button theme-button inline\" target=\"_blank\" rel=\"noopener noreferrer\"><span class=\"vcex-button-inner theme-button-inner wpex-flex wpex-flex-wrap wpex-items-center wpex-justify-center\">Formulaire d&rsquo;inscription (DE)<\/span><\/a> [\/vc_column][\/vc_row]\n<\/div>","protected":false},"excerpt":{"rendered":"<p>[vc_row full_width=\u00a0\u00bbstretch_row\u00a0\u00bb column_spacing=\u00a0\u00bb0px\u00a0\u00bb css=\u00a0\u00bb.vc_custom_1669472850591{padding-top: 50px !important;padding-bottom: 50px !important;}\u00a0\u00bb][vc_column][vc_column_text]Pour les inscriptions, veuillez vous adresser au secr\u00e9tariat d\u2019examen: Secr\u00e9tariat d\u2019examen Berufspr\u00fcfungskommission Pharma Verena-Conzett-Strasse 23 8004 Z\u00fcrich T\u00e9l\u00e9phone 043 243 46 76 admin@pharma-betriebsassistentin.ch[\/vc_column_text][vc_column_text]Formulaire d&rsquo;inscription pour l&rsquo;examen professionnel d&rsquo;octobre\/novembre 2023 (exclusivement en allemand)[\/vc_column_text][\/vc_column][\/vc_row]<\/p>\n","protected":false},"author":1,"featured_media":0,"parent":0,"menu_order":0,"comment_status":"closed","ping_status":"closed","template":"","meta":{"_acf_changed":false,"inline_featured_image":false,"footnotes":""},"class_list":["post-505","page","type-page","status-publish","hentry","entry","no-media"],"acf":[],"_links":{"self":[{"href":"https:\/\/www.pharma-betriebsass.ch\/fr\/wp-json\/wp\/v2\/pages\/505","targetHints":{"allow":["GET"]}}],"collection":[{"href":"https:\/\/www.pharma-betriebsass.ch\/fr\/wp-json\/wp\/v2\/pages"}],"about":[{"href":"https:\/\/www.pharma-betriebsass.ch\/fr\/wp-json\/wp\/v2\/types\/page"}],"author":[{"embeddable":true,"href":"https:\/\/www.pharma-betriebsass.ch\/fr\/wp-json\/wp\/v2\/users\/1"}],"replies":[{"embeddable":true,"href":"https:\/\/www.pharma-betriebsass.ch\/fr\/wp-json\/wp\/v2\/comments?post=505"}],"version-history":[{"count":10,"href":"https:\/\/www.pharma-betriebsass.ch\/fr\/wp-json\/wp\/v2\/pages\/505\/revisions"}],"predecessor-version":[{"id":671,"href":"https:\/\/www.pharma-betriebsass.ch\/fr\/wp-json\/wp\/v2\/pages\/505\/revisions\/671"}],"wp:attachment":[{"href":"https:\/\/www.pharma-betriebsass.ch\/fr\/wp-json\/wp\/v2\/media?parent=505"}],"curies":[{"name":"wp","href":"https:\/\/api.w.org\/{rel}","templated":true}]}}