{"id":503,"date":"2022-11-26T15:34:42","date_gmt":"2022-11-26T14:34:42","guid":{"rendered":"https:\/\/pharma.studio360.ch\/pruefungsordnung-und-wegleitung\/"},"modified":"2023-02-28T19:11:58","modified_gmt":"2023-02-28T18:11:58","slug":"reglement-d-examen-et-directives","status":"publish","type":"page","link":"https:\/\/www.pharma-betriebsass.ch\/fr\/reglement-d-examen-et-directives\/","title":{"rendered":"R\u00e8glement d\u2019examen et directives"},"content":{"rendered":"<div class=\"wpb-content-wrapper\">[vc_row full_width=\u00a0\u00bbstretch_row\u00a0\u00bb column_spacing=\u00a0\u00bb0px\u00a0\u00bb css=\u00a0\u00bb.vc_custom_1669472850591{padding-top: 50px !important;padding-bottom: 50px !important;}\u00a0\u00bb][vc_column]<h1 class=\"vcex-heading vcex-heading-plain vcex-module wpex-heading wpex-text-2xl wpex-h1 wpex-text-left vc_custom_1670090757738\"><span class=\"vcex-heading-inner wpex-inline-block\">R\u00e8glement d\u2019examen et directives<\/span><\/h1><div class=\"vcex-module vcex-divider vcex-divider-solid vcex-divider-left wpex-mr-auto wpex-max-w-100 wpex-block wpex-h-0 wpex-border-b wpex-border-solid wpex-border-main\" style=\"width:80px;border-bottom-width:3px;border-color:#009984;\"><\/div><div class=\"vcex-spacing wpex-w-100 wpex-clear\"><\/div>[vc_column_text]Le r\u00e8glement d&rsquo;examen et les directives constituent la base juridique de l&rsquo;examen professionnel d&rsquo;assistant(e) en pharmacie. Vous y trouverez des informations sur l&rsquo;admission, le d\u00e9roulement et l&rsquo;\u00e9valuation de l&rsquo;examen.<\/p>\n<p>Le r\u00e8glement d&rsquo;examen et les directives relatives au r\u00e8glement d&rsquo;examen peuvent \u00eatre t\u00e9l\u00e9charg\u00e9s en format pdf.[\/vc_column_text]<div class=\"vcex-spacing wpex-w-100 wpex-clear\"><\/div><a href=\"https:\/\/www.pharma-betriebsass.ch\/wp-content\/uploads\/70940_f_BP_assistant_de_gestion_en_pharmacie.pdf\" class=\"vcex-button theme-button inline\" target=\"_blank\" rel=\"noopener noreferrer\"><span class=\"vcex-button-inner theme-button-inner wpex-flex wpex-flex-wrap wpex-items-center wpex-justify-center\">R\u00e8glement d&rsquo;examen<br \/>\n(valable \u00e0 partir du 01.01.2015)<\/span><\/a> <a href=\"https:\/\/www.pharma-betriebsass.ch\/wp-content\/uploads\/Directives_EP_Assistante_de_gestion_en_pharmacie_FR_140605_def.pdf\" class=\"vcex-button theme-button inline\" target=\"_blank\" rel=\"noopener noreferrer\"><span class=\"vcex-button-inner theme-button-inner wpex-flex wpex-flex-wrap wpex-items-center wpex-justify-center\">Directives<br \/>\n(valable pour les cours commen\u00e7ant \u00e0 partir de 2022, examens \u00e0 partir de 2023)<\/span><\/a> <a href=\"https:\/\/www.pharma-betriebsass.ch\/wp-content\/uploads\/Pruefungskommission02_23-1.pdf\" class=\"vcex-button theme-button inline\" target=\"_blank\" rel=\"noopener noreferrer\"><span class=\"vcex-button-inner theme-button-inner wpex-flex wpex-flex-wrap wpex-items-center wpex-justify-center\">Commission d&rsquo;examen<br \/>\n(2023)<\/span><\/a> [\/vc_column][\/vc_row]\n<\/div>","protected":false},"excerpt":{"rendered":"<p>[vc_row full_width=\u00a0\u00bbstretch_row\u00a0\u00bb column_spacing=\u00a0\u00bb0px\u00a0\u00bb css=\u00a0\u00bb.vc_custom_1669472850591{padding-top: 50px !important;padding-bottom: 50px !important;}\u00a0\u00bb][vc_column][vc_column_text]Le r\u00e8glement d&rsquo;examen et les directives constituent la base juridique de l&rsquo;examen professionnel d&rsquo;assistant(e) en pharmacie. Vous y trouverez des informations sur l&rsquo;admission, le d\u00e9roulement et l&rsquo;\u00e9valuation de l&rsquo;examen. Le r\u00e8glement d&rsquo;examen et les directives relatives au r\u00e8glement d&rsquo;examen peuvent \u00eatre t\u00e9l\u00e9charg\u00e9s en format pdf.[\/vc_column_text][\/vc_column][\/vc_row]<\/p>\n","protected":false},"author":1,"featured_media":0,"parent":0,"menu_order":0,"comment_status":"closed","ping_status":"closed","template":"","meta":{"_acf_changed":false,"inline_featured_image":false,"footnotes":""},"class_list":["post-503","page","type-page","status-publish","hentry","entry","no-media"],"acf":[],"_links":{"self":[{"href":"https:\/\/www.pharma-betriebsass.ch\/fr\/wp-json\/wp\/v2\/pages\/503","targetHints":{"allow":["GET"]}}],"collection":[{"href":"https:\/\/www.pharma-betriebsass.ch\/fr\/wp-json\/wp\/v2\/pages"}],"about":[{"href":"https:\/\/www.pharma-betriebsass.ch\/fr\/wp-json\/wp\/v2\/types\/page"}],"author":[{"embeddable":true,"href":"https:\/\/www.pharma-betriebsass.ch\/fr\/wp-json\/wp\/v2\/users\/1"}],"replies":[{"embeddable":true,"href":"https:\/\/www.pharma-betriebsass.ch\/fr\/wp-json\/wp\/v2\/comments?post=503"}],"version-history":[{"count":10,"href":"https:\/\/www.pharma-betriebsass.ch\/fr\/wp-json\/wp\/v2\/pages\/503\/revisions"}],"predecessor-version":[{"id":717,"href":"https:\/\/www.pharma-betriebsass.ch\/fr\/wp-json\/wp\/v2\/pages\/503\/revisions\/717"}],"wp:attachment":[{"href":"https:\/\/www.pharma-betriebsass.ch\/fr\/wp-json\/wp\/v2\/media?parent=503"}],"curies":[{"name":"wp","href":"https:\/\/api.w.org\/{rel}","templated":true}]}}