{"id":499,"date":"2022-11-26T15:51:11","date_gmt":"2022-11-26T14:51:11","guid":{"rendered":"https:\/\/pharma.studio360.ch\/pruefung\/"},"modified":"2022-12-16T14:11:30","modified_gmt":"2022-12-16T13:11:30","slug":"examen","status":"publish","type":"page","link":"https:\/\/www.pharma-betriebsass.ch\/fr\/examen\/","title":{"rendered":"Examen"},"content":{"rendered":"<div class=\"wpb-content-wrapper\">[vc_row full_width=\u00a0\u00bbstretch_row\u00a0\u00bb column_spacing=\u00a0\u00bb0px\u00a0\u00bb css=\u00a0\u00bb.vc_custom_1669472850591{padding-top: 50px !important;padding-bottom: 50px !important;}\u00a0\u00bb][vc_column]<h1 class=\"vcex-heading vcex-heading-plain vcex-module wpex-heading wpex-text-2xl wpex-h1 wpex-text-left vc_custom_1670084935333\"><span class=\"vcex-heading-inner wpex-inline-block\">Examen et inscription<\/span><\/h1><div class=\"vcex-module vcex-divider vcex-divider-solid vcex-divider-left wpex-mr-auto wpex-max-w-100 wpex-block wpex-h-0 wpex-border-b wpex-border-solid wpex-border-main\" style=\"width:80px;border-bottom-width:3px;border-color:#009984;\"><\/div><div class=\"vcex-spacing wpex-w-100 wpex-clear\"><\/div>[vc_column_text]Le prochain examen (en allemand uniquement) se d\u00e9roule en octobre \/ novembre 2023 \u00e0 Zurich.<\/p>\n<p><strong>D\u00e9lais d\u2019inscription: 15 avril 2023<\/strong><br \/>\nToute inscription re\u00e7ue apr\u00e8s cette date ne pourra \u00eatre prise en consid\u00e9ration![\/vc_column_text][\/vc_column][\/vc_row][vc_row full_width=\u00a0\u00bbstretch_row\u00a0\u00bb column_spacing=\u00a0\u00bb0px\u00a0\u00bb css=\u00a0\u00bb.vc_custom_1669469528169{padding-top: 25px !important;padding-bottom: 50px !important;background-color: #ededed !important;}\u00a0\u00bb][vc_column]<h1 class=\"vcex-heading vcex-heading-plain vcex-module wpex-heading wpex-text-2xl wpex-h1 wpex-text-left vc_custom_1669539733025\"><span class=\"vcex-heading-inner wpex-inline-block\">Termine und Kosten<\/span><\/h1><div class=\"vcex-module vcex-divider vcex-divider-solid vcex-divider-left wpex-mr-auto wpex-max-w-100 wpex-block wpex-h-0 wpex-border-b wpex-border-solid wpex-border-main\" style=\"width:80px;border-bottom-width:3px;border-color:#009984;\"><\/div><div class=\"vcex-spacing wpex-w-100 wpex-clear\"><\/div>[vc_column_text]\n<h4>Dates<\/h4>\n<p><strong>Examens d&rsquo;octobre\/ novembre 2023 \u00e0 Zurich<br \/>\n<\/strong>\u00e9crit : Mardi, 24 octobre 2023<br \/>\noral : Mardi, 21 novembre 2023 et Mercredi 22 novembre 2023<\/p>\n<h4>Co\u00fbts<\/h4>\n<p>Les frais d&rsquo;examen s&rsquo;\u00e9l\u00e8vent \u00e0 CHF 1&rsquo;450 (y compris le brevet et l&rsquo;inscription au registre professionnel).[\/vc_column_text]<div class=\"vcex-spacing wpex-w-100 wpex-clear\"><\/div><a href=\"https:\/\/pharma.studio360.ch\/fr\/inscriptions\/\" class=\"vcex-button theme-button inline\"><span class=\"vcex-button-inner theme-button-inner wpex-flex wpex-flex-wrap wpex-items-center wpex-justify-center\">Vers l&rsquo;inscription<\/span><\/a> [\/vc_column][\/vc_row]\n<\/div>","protected":false},"excerpt":{"rendered":"<p>[vc_row full_width=\u00a0\u00bbstretch_row\u00a0\u00bb column_spacing=\u00a0\u00bb0px\u00a0\u00bb css=\u00a0\u00bb.vc_custom_1669472850591{padding-top: 50px !important;padding-bottom: 50px !important;}\u00a0\u00bb][vc_column][vc_column_text]Le prochain examen (en allemand uniquement) se d\u00e9roule en octobre \/ novembre 2023 \u00e0 Zurich. D\u00e9lais d\u2019inscription: 15 avril 2023 Toute inscription re\u00e7ue apr\u00e8s cette date ne pourra \u00eatre prise en consid\u00e9ration![\/vc_column_text][\/vc_column][\/vc_row][vc_row full_width=\u00a0\u00bbstretch_row\u00a0\u00bb column_spacing=\u00a0\u00bb0px\u00a0\u00bb css=\u00a0\u00bb.vc_custom_1669469528169{padding-top: 25px !important;padding-bottom: 50px !important;background-color: #ededed !important;}\u00a0\u00bb][vc_column][vc_column_text] Dates Examens d&rsquo;octobre\/ novembre 2023 \u00e0 Zurich&hellip;<\/p>\n","protected":false},"author":1,"featured_media":0,"parent":0,"menu_order":0,"comment_status":"closed","ping_status":"closed","template":"","meta":{"_acf_changed":false,"inline_featured_image":false,"footnotes":""},"class_list":["post-499","page","type-page","status-publish","hentry","entry","no-media"],"acf":[],"_links":{"self":[{"href":"https:\/\/www.pharma-betriebsass.ch\/fr\/wp-json\/wp\/v2\/pages\/499","targetHints":{"allow":["GET"]}}],"collection":[{"href":"https:\/\/www.pharma-betriebsass.ch\/fr\/wp-json\/wp\/v2\/pages"}],"about":[{"href":"https:\/\/www.pharma-betriebsass.ch\/fr\/wp-json\/wp\/v2\/types\/page"}],"author":[{"embeddable":true,"href":"https:\/\/www.pharma-betriebsass.ch\/fr\/wp-json\/wp\/v2\/users\/1"}],"replies":[{"embeddable":true,"href":"https:\/\/www.pharma-betriebsass.ch\/fr\/wp-json\/wp\/v2\/comments?post=499"}],"version-history":[{"count":5,"href":"https:\/\/www.pharma-betriebsass.ch\/fr\/wp-json\/wp\/v2\/pages\/499\/revisions"}],"predecessor-version":[{"id":620,"href":"https:\/\/www.pharma-betriebsass.ch\/fr\/wp-json\/wp\/v2\/pages\/499\/revisions\/620"}],"wp:attachment":[{"href":"https:\/\/www.pharma-betriebsass.ch\/fr\/wp-json\/wp\/v2\/media?parent=499"}],"curies":[{"name":"wp","href":"https:\/\/api.w.org\/{rel}","templated":true}]}}