{"id":496,"date":"2022-11-26T15:33:31","date_gmt":"2022-11-26T14:33:31","guid":{"rendered":"https:\/\/pharma.studio360.ch\/profil-professionel\/erfahrungsberichte\/"},"modified":"2022-12-04T14:45:19","modified_gmt":"2022-12-04T13:45:19","slug":"temoignages","status":"publish","type":"page","link":"https:\/\/www.pharma-betriebsass.ch\/fr\/profil-professionel\/temoignages\/","title":{"rendered":"T\u00e9moignages"},"content":{"rendered":"<div class=\"wpb-content-wrapper\">[vc_row full_width=\u00a0\u00bbstretch_row\u00a0\u00bb column_spacing=\u00a0\u00bb0px\u00a0\u00bb css=\u00a0\u00bb.vc_custom_1669472850591{padding-top: 50px !important;padding-bottom: 50px !important;}\u00a0\u00bb][vc_column]<h1 class=\"vcex-heading vcex-heading-plain vcex-module wpex-heading wpex-text-2xl wpex-h1 wpex-text-left vc_custom_1670084635958\"><span class=\"vcex-heading-inner wpex-inline-block\">T\u00e9moignages<\/span><\/h1><div class=\"vcex-module vcex-divider vcex-divider-solid vcex-divider-left wpex-mr-auto wpex-max-w-100 wpex-block wpex-h-0 wpex-border-b wpex-border-solid wpex-border-main\" style=\"width:80px;border-bottom-width:3px;border-color:#009984;\"><\/div><div class=\"vcex-spacing wpex-w-100 wpex-clear\"><\/div>[vc_row_inner][vc_column_inner width=\u00a0\u00bb1\/6&Prime; css=\u00a0\u00bb.vc_custom_1669559726818{padding-left: 10px !important;}\u00a0\u00bb][vc_single_image image=\u00a0\u00bb432&Prime; img_size=\u00a0\u00bb120x150px\u00a0\u00bb][\/vc_column_inner][vc_column_inner width=\u00a0\u00bb5\/6&Prime;][vc_column_text visibility=\u00a0\u00bb\u00a0\u00bb font_weight=\u00a0\u00bb\u00a0\u00bb text_transform=\u00a0\u00bb\u00a0\u00bb]<a class=\"wf_file\" href=\"\/wp-content\/uploads\/150317_pJ_09_032_033-Assistantedegestionenpharmacie_FR.pdf\" target=\"_blank\" rel=\"noopener\"><span class=\"wf_file_text\">article du pharmaJournal 09, april 2015<\/span><\/a>[\/vc_column_text][\/vc_column_inner][\/vc_row_inner]<div class=\"vcex-spacing wpex-w-100 wpex-clear\"><\/div>[vc_row_inner][vc_column_inner width=\u00a0\u00bb1\/6&Prime; css=\u00a0\u00bb.vc_custom_1669559732172{padding-left: 10px !important;}\u00a0\u00bb][vc_single_image image=\u00a0\u00bb423&Prime;][\/vc_column_inner][vc_column_inner width=\u00a0\u00bb5\/6&Prime;][vc_column_text visibility=\u00a0\u00bb\u00a0\u00bb font_weight=\u00a0\u00bb\u00a0\u00bb text_transform=\u00a0\u00bb\u00a0\u00bb]\u00ab La formation pr\u00e9paratoire au brevet f\u00e9d\u00e9ral de l&rsquo;assistante de gestion en pharmacie m&rsquo;a offert de nouvelles opportunit\u00e9s dans mon quotidien professionnel. J&rsquo;ai acquis des bases solides et des connaissances sp\u00e9cifiques, me permettant de d\u00e9charger efficacement le pharmacien et de soutenir notre \u00e9quipe dans les activit\u00e9s tr\u00e8s vari\u00e9es de notre officine. Cela contribue au plaisir que je continue d&rsquo;\u00e9prouver dans la pratique de mon m\u00e9tier, ceci est sans doute le meilleur motivateur pour un engagement quotidien. \u00bb<\/p>\n<p><em>Anita Zimmermann, assistante de gestion en pharmacie<\/em>[\/vc_column_text][\/vc_column_inner][\/vc_row_inner]<div class=\"vcex-spacing wpex-w-100 wpex-clear\"><\/div>[vc_row_inner][vc_column_inner width=\u00a0\u00bb1\/6&Prime; css=\u00a0\u00bb.vc_custom_1669559744705{padding-left: 10px !important;}\u00a0\u00bb][vc_single_image image=\u00a0\u00bb426&Prime;][\/vc_column_inner][vc_column_inner width=\u00a0\u00bb5\/6&Prime;][vc_column_text visibility=\u00a0\u00bb\u00a0\u00bb font_weight=\u00a0\u00bb\u00a0\u00bb text_transform=\u00a0\u00bb\u00a0\u00bb]\u00ab D&rsquo;avoir une assistante de gestion en pharmacie dans mon \u00e9quipe me permet de me consacrer sereinement au conseil \u00e0 la client\u00e8le, car je sais que les activit\u00e9s de gestion de notre pharmacie sont g\u00e9r\u00e9es de mani\u00e8re professionnelle. \u00bb<\/p>\n<p><em>Balthasar Schmid, pharmacien<\/em>[\/vc_column_text][\/vc_column_inner][\/vc_row_inner]<div class=\"vcex-spacing wpex-w-100 wpex-clear\"><\/div>[vc_row_inner][vc_column_inner width=\u00a0\u00bb1\/6&Prime; css=\u00a0\u00bb.vc_custom_1669559750632{padding-left: 10px !important;}\u00a0\u00bb][vc_single_image image=\u00a0\u00bb430&Prime;][\/vc_column_inner][vc_column_inner width=\u00a0\u00bb5\/6&Prime;][vc_column_text visibility=\u00a0\u00bb\u00a0\u00bb font_weight=\u00a0\u00bb\u00a0\u00bb text_transform=\u00a0\u00bb\u00a0\u00bb]\u00ab Les mesures d\u2019\u00e9conomie et la pression des co\u00fbts dans la sant\u00e9 publique obligent les pharmacies \u00e0 traiter le march\u00e9 de mani\u00e8re plus cibl\u00e9e et plus efficace. Il para\u00eet \u00e9vident de favoriser l\u2019esprit d\u2019entreprise dans le personnel de la pharmacie d\u2019officine. La formation continue des assistantes de gestion en pharmacie est la m\u00e9thode optimale pour atteindre cet objectif. \u00bb<\/p>\n<p><em>Karin H\u00e4fliger, pharmacienne<\/em>[\/vc_column_text][\/vc_column_inner][\/vc_row_inner]<div class=\"vcex-spacing wpex-w-100 wpex-clear\"><\/div>[vc_row_inner][vc_column_inner width=\u00a0\u00bb1\/6&Prime; css=\u00a0\u00bb.vc_custom_1669559755460{padding-left: 10px !important;}\u00a0\u00bb][vc_single_image image=\u00a0\u00bb428&Prime;][\/vc_column_inner][vc_column_inner width=\u00a0\u00bb5\/6&Prime;][vc_column_text visibility=\u00a0\u00bb\u00a0\u00bb font_weight=\u00a0\u00bb\u00a0\u00bb text_transform=\u00a0\u00bb\u00a0\u00bb]\u00ab Une simple assistante en pharmacie ne me suffisait pas. C&rsquo;est pourquoi j&rsquo;ai d\u00e9cid\u00e9 de suivre une formation continue d&rsquo;assistante d&rsquo;exploitation pharmaceutique. Cette formation m&rsquo;a ouvert de nombreuses portes et c&rsquo;est \u00e0 elle que je dois mon travail actuel, tr\u00e8s vari\u00e9. Dans la pharmacie, je peux mettre \u00e0 profit ma r\u00e9flexion en mati\u00e8re de gestion d&rsquo;entreprise. Mes comp\u00e9tences en mati\u00e8re de gestion et de communication me sont utiles pour l&rsquo;organisation de l&rsquo;entreprise, la gestion d&rsquo;\u00e9quipe et l&rsquo;encadrement des apprentis. Je peux mettre \u00e0 profit mes comp\u00e9tences en marketing en participant \u00e0 l&rsquo;\u00e9laboration et \u00e0 la mise en \u0153uvre du Category Management pour les pharmacies de toute la Suisse. Je peux \u00e9galement mettre en \u0153uvre mes connaissances avec succ\u00e8s dans la direction et la coordination des journ\u00e9es scolaires interentreprises, ainsi que dans l&rsquo;enseignement en tant que professeur. Je recommande cette formation continue \u00e0 toute personne qui ne souhaite pas simplement assumer davantage de t\u00e2ches, mais qui veut \u00eatre \u00e0 la hauteur de celles-ci afin de les ex\u00e9cuter avec comp\u00e9tence et le savoir-faire n\u00e9cessaire\u00a0\u00bb. \u00bb<\/p>\n<p><em>Barbara Greter, <\/em><em>\u00a0assistante de gestion en pharmacie<\/em><\/p>\n[\/vc_column_text][\/vc_column_inner][\/vc_row_inner][\/vc_column][\/vc_row]\n<\/div>","protected":false},"excerpt":{"rendered":"<p>[vc_row full_width=\u00a0\u00bbstretch_row\u00a0\u00bb column_spacing=\u00a0\u00bb0px\u00a0\u00bb css=\u00a0\u00bb.vc_custom_1669472850591{padding-top: 50px !important;padding-bottom: 50px !important;}\u00a0\u00bb][vc_column][vc_row_inner][vc_column_inner width=\u00a0\u00bb1\/6&Prime; css=\u00a0\u00bb.vc_custom_1669559726818{padding-left: 10px !important;}\u00a0\u00bb][vc_single_image image=\u00a0\u00bb432&Prime; img_size=\u00a0\u00bb120x150px\u00a0\u00bb][\/vc_column_inner][vc_column_inner width=\u00a0\u00bb5\/6&Prime;][vc_column_text visibility=\u00a0\u00bb\u00a0\u00bb font_weight=\u00a0\u00bb\u00a0\u00bb text_transform=\u00a0\u00bb\u00a0\u00bb]article du pharmaJournal 09, april 2015[\/vc_column_text][\/vc_column_inner][\/vc_row_inner][vc_row_inner][vc_column_inner width=\u00a0\u00bb1\/6&Prime; css=\u00a0\u00bb.vc_custom_1669559732172{padding-left: 10px !important;}\u00a0\u00bb][vc_single_image image=\u00a0\u00bb423&Prime;][\/vc_column_inner][vc_column_inner width=\u00a0\u00bb5\/6&Prime;][vc_column_text visibility=\u00a0\u00bb\u00a0\u00bb font_weight=\u00a0\u00bb\u00a0\u00bb text_transform=\u00a0\u00bb\u00a0\u00bb]\u00ab La formation pr\u00e9paratoire au brevet f\u00e9d\u00e9ral de l&rsquo;assistante de gestion en pharmacie m&rsquo;a offert de nouvelles opportunit\u00e9s dans mon quotidien professionnel. J&rsquo;ai acquis&hellip;<\/p>\n","protected":false},"author":1,"featured_media":0,"parent":478,"menu_order":0,"comment_status":"closed","ping_status":"closed","template":"","meta":{"_acf_changed":false,"inline_featured_image":false,"footnotes":""},"class_list":["post-496","page","type-page","status-publish","hentry","entry","no-media"],"acf":[],"_links":{"self":[{"href":"https:\/\/www.pharma-betriebsass.ch\/fr\/wp-json\/wp\/v2\/pages\/496","targetHints":{"allow":["GET"]}}],"collection":[{"href":"https:\/\/www.pharma-betriebsass.ch\/fr\/wp-json\/wp\/v2\/pages"}],"about":[{"href":"https:\/\/www.pharma-betriebsass.ch\/fr\/wp-json\/wp\/v2\/types\/page"}],"author":[{"embeddable":true,"href":"https:\/\/www.pharma-betriebsass.ch\/fr\/wp-json\/wp\/v2\/users\/1"}],"replies":[{"embeddable":true,"href":"https:\/\/www.pharma-betriebsass.ch\/fr\/wp-json\/wp\/v2\/comments?post=496"}],"version-history":[{"count":4,"href":"https:\/\/www.pharma-betriebsass.ch\/fr\/wp-json\/wp\/v2\/pages\/496\/revisions"}],"predecessor-version":[{"id":599,"href":"https:\/\/www.pharma-betriebsass.ch\/fr\/wp-json\/wp\/v2\/pages\/496\/revisions\/599"}],"up":[{"embeddable":true,"href":"https:\/\/www.pharma-betriebsass.ch\/fr\/wp-json\/wp\/v2\/pages\/478"}],"wp:attachment":[{"href":"https:\/\/www.pharma-betriebsass.ch\/fr\/wp-json\/wp\/v2\/media?parent=496"}],"curies":[{"name":"wp","href":"https:\/\/api.w.org\/{rel}","templated":true}]}}