{"id":491,"date":"2022-11-26T15:29:27","date_gmt":"2022-11-26T14:29:27","guid":{"rendered":"https:\/\/pharma.studio360.ch\/profil-professionel\/nutzen-der-weiterbildung\/"},"modified":"2022-12-04T14:37:53","modified_gmt":"2022-12-04T13:37:53","slug":"benefices-de-la-formation-continue","status":"publish","type":"page","link":"https:\/\/www.pharma-betriebsass.ch\/fr\/profil-professionel\/benefices-de-la-formation-continue\/","title":{"rendered":"B\u00e9n\u00e9fices de la formation continue"},"content":{"rendered":"<div class=\"wpb-content-wrapper\">[vc_row full_width=\u00a0\u00bbstretch_row\u00a0\u00bb column_spacing=\u00a0\u00bb0px\u00a0\u00bb css=\u00a0\u00bb.vc_custom_1669472850591{padding-top: 50px !important;padding-bottom: 50px !important;}\u00a0\u00bb][vc_column]<h1 class=\"vcex-heading vcex-heading-plain vcex-module wpex-heading wpex-text-2xl wpex-h1 wpex-text-left vc_custom_1670079527942\"><span class=\"vcex-heading-inner wpex-inline-block\">B\u00e9n\u00e9fices de la formation continue<\/span><\/h1><div class=\"vcex-module vcex-divider vcex-divider-solid vcex-divider-left wpex-mr-auto wpex-max-w-100 wpex-block wpex-h-0 wpex-border-b wpex-border-solid wpex-border-main\" style=\"width:80px;border-bottom-width:3px;border-color:#009984;\"><\/div><div class=\"vcex-spacing wpex-w-100 wpex-clear\"><\/div>[vc_column_text visibility=\u00a0\u00bb\u00a0\u00bb font_weight=\u00a0\u00bb\u00a0\u00bb text_transform=\u00a0\u00bb\u00a0\u00bb]Pendant votre formation, vous d\u00e9veloppez votre sens des responsabilit\u00e9s ainsi que votre autonomie de pens\u00e9e et d&rsquo;action, afin de vous pr\u00e9parer \u00e0 assumer une position de conduite dans votre pharmacie.<\/p>\n<p>Votre style de conduite des collaborateurs est orient\u00e9 autant vers l&rsquo;individu que sur la performance, vous formez des apprenants de mani\u00e8re cibl\u00e9e et vous r\u00e9agissez face \u00e0 des probl\u00e8mes et changements dans votre entreprise en proposant des solutions pragmatiques et orient\u00e9es vers la pratique.<\/p>\n<p>Vous savez d\u00e9celer des tendances et changements structurels, des influences \u00e9conomiques, sociales et \u00e9cologiques qui peuvent avoir un impact sur la<br \/>\npharmacie. Vous proposez des solutions lors de situations de ventes difficiles et exigeantes sur le plan de la communicatio[\/vc_column_text]<div class=\"vcex-spacing wpex-w-100 wpex-clear\"><\/div>[vc_column_text visibility=\u00a0\u00bb\u00a0\u00bb font_weight=\u00a0\u00bb\u00a0\u00bb text_transform=\u00a0\u00bb\u00a0\u00bb]<strong>Rapport pharmaJournal 09\/2022<\/strong>[\/vc_column_text]<div class=\"vcex-spacing wpex-w-100 wpex-clear\"><\/div><a href=\"\/wp-content\/uploads\/pJ_9-2022_f_Assistantes_de_gestion.pdf\" class=\"vcex-button theme-button inline\" target=\"_blank\" rel=\"noopener noreferrer\"><span class=\"vcex-button-inner theme-button-inner wpex-flex wpex-flex-wrap wpex-items-center wpex-justify-center\">Vers le rapport<\/span><\/a> [\/vc_column][\/vc_row]\n<\/div>","protected":false},"excerpt":{"rendered":"<p>[vc_row full_width=\u00a0\u00bbstretch_row\u00a0\u00bb column_spacing=\u00a0\u00bb0px\u00a0\u00bb css=\u00a0\u00bb.vc_custom_1669472850591{padding-top: 50px !important;padding-bottom: 50px !important;}\u00a0\u00bb][vc_column][vc_column_text visibility=\u00a0\u00bb\u00a0\u00bb font_weight=\u00a0\u00bb\u00a0\u00bb text_transform=\u00a0\u00bb\u00a0\u00bb]Pendant votre formation, vous d\u00e9veloppez votre sens des responsabilit\u00e9s ainsi que votre autonomie de pens\u00e9e et d&rsquo;action, afin de vous pr\u00e9parer \u00e0 assumer une position de conduite dans votre pharmacie. Votre style de conduite des collaborateurs est orient\u00e9 autant vers l&rsquo;individu que sur la performance,&hellip;<\/p>\n","protected":false},"author":1,"featured_media":0,"parent":478,"menu_order":0,"comment_status":"closed","ping_status":"closed","template":"","meta":{"_acf_changed":false,"inline_featured_image":false,"footnotes":""},"class_list":["post-491","page","type-page","status-publish","hentry","entry","no-media"],"acf":[],"_links":{"self":[{"href":"https:\/\/www.pharma-betriebsass.ch\/fr\/wp-json\/wp\/v2\/pages\/491","targetHints":{"allow":["GET"]}}],"collection":[{"href":"https:\/\/www.pharma-betriebsass.ch\/fr\/wp-json\/wp\/v2\/pages"}],"about":[{"href":"https:\/\/www.pharma-betriebsass.ch\/fr\/wp-json\/wp\/v2\/types\/page"}],"author":[{"embeddable":true,"href":"https:\/\/www.pharma-betriebsass.ch\/fr\/wp-json\/wp\/v2\/users\/1"}],"replies":[{"embeddable":true,"href":"https:\/\/www.pharma-betriebsass.ch\/fr\/wp-json\/wp\/v2\/comments?post=491"}],"version-history":[{"count":6,"href":"https:\/\/www.pharma-betriebsass.ch\/fr\/wp-json\/wp\/v2\/pages\/491\/revisions"}],"predecessor-version":[{"id":594,"href":"https:\/\/www.pharma-betriebsass.ch\/fr\/wp-json\/wp\/v2\/pages\/491\/revisions\/594"}],"up":[{"embeddable":true,"href":"https:\/\/www.pharma-betriebsass.ch\/fr\/wp-json\/wp\/v2\/pages\/478"}],"wp:attachment":[{"href":"https:\/\/www.pharma-betriebsass.ch\/fr\/wp-json\/wp\/v2\/media?parent=491"}],"curies":[{"name":"wp","href":"https:\/\/api.w.org\/{rel}","templated":true}]}}