{"id":478,"date":"2022-11-26T15:27:32","date_gmt":"2022-11-26T14:27:32","guid":{"rendered":"https:\/\/pharma.studio360.ch\/berufsbild\/"},"modified":"2022-12-03T15:31:17","modified_gmt":"2022-12-03T14:31:17","slug":"profil-professionel","status":"publish","type":"page","link":"https:\/\/www.pharma-betriebsass.ch\/fr\/profil-professionel\/","title":{"rendered":"Profil professionel"},"content":{"rendered":"<div class=\"wpb-content-wrapper\">[vc_row full_width=\u00a0\u00bbstretch_row\u00a0\u00bb column_spacing=\u00a0\u00bb0px\u00a0\u00bb css=\u00a0\u00bb.vc_custom_1669472850591{padding-top: 50px !important;padding-bottom: 50px !important;}\u00a0\u00bb][vc_column]<h1 class=\"vcex-heading vcex-heading-plain vcex-module wpex-heading wpex-text-2xl wpex-h1 wpex-text-left vc_custom_1670071725397\"><span class=\"vcex-heading-inner wpex-inline-block\">Profil professionel<\/span><\/h1><div class=\"vcex-module vcex-divider vcex-divider-solid vcex-divider-left wpex-mr-auto wpex-max-w-100 wpex-block wpex-h-0 wpex-border-b wpex-border-solid wpex-border-main\" style=\"width:80px;border-bottom-width:3px;border-color:#009984;\"><\/div><div class=\"vcex-spacing wpex-w-100 wpex-clear\"><\/div>[vc_column_text visibility=\u00a0\u00bb\u00a0\u00bb font_weight=\u00a0\u00bb\u00a0\u00bb text_transform=\u00a0\u00bb\u00a0\u00bb]<strong>Domaine d&rsquo;activit\u00e9<br \/>\n<\/strong>Les assistantes et assistants de gestion en pharmacie ex\u00e9cutent, sur d\u00e9l\u00e9gation de la pharmacienne ou du pharmacien responsable, des t\u00e2ches qualifi\u00e9es et sp\u00e9cialis\u00e9es dans les domaines de la vente, de la relation avec la client\u00e8le, du marketing, du management des collaborateurs, de l&rsquo;organisation de l&rsquo;entreprise, de la logistique, de la finance et de la comptabilit\u00e9. Ils\/Elles travaillent notamment dans des pharmacies publiques.<\/p>\n<p>&nbsp;<\/p>\n<p><strong>Comp\u00e9tences op\u00e9rationnelles principales<\/strong><\/p>\n<p>Les assistantes et assistants de gestion en pharmacie avec brevet f\u00e9d\u00e9ral<\/p>\n<ul>\n<li>assistent, en mati\u00e8re de technique de communication, les collaboratrices et les collaborateurs des pharmacies dans le suivi des relations client\u00e8le, le conseil \u00e0 la client\u00e8le et la vente de m\u00e9dicaments<\/li>\n<li>interviennent dans la cr\u00e9ation de concepts marketing, planifient des mesures de marketing et les mettent en \u0153uvre<\/li>\n<li>calculent les prix des produits et services en fonction du march\u00e9<\/li>\n<li>r\u00e9digent la liste des exigences requises et profils de poste dans les offres d&#8217;em-ploi, managent les collaborateurs, forment les apprentis et organisent les r\u00e9unions internes, ainsi que les actions de formation continue<\/li>\n<li>contribuent au d\u00e9veloppement de leur \u00e9quipe et participent activement aux transformations dans l&rsquo;entreprise<\/li>\n<li>constituent et optimisent le d\u00e9roulement des t\u00e2ches de mani\u00e8re \u00e9conomiquement et \u00e9cologiquement durable<\/li>\n<li>connaissent les dispositions l\u00e9gales les plus importantes pour la pharmacie<\/li>\n<li>planifient les mesures concernant la s\u00e9curit\u00e9 de l&rsquo;entreprise, sur le lieu de travail, en mati\u00e8re de sant\u00e9 et de protection de l&rsquo;environnement et les mettent en appli-cation<\/li>\n<li>mesurent les r\u00e9sultats financiers de l&rsquo;officine, examinent la rentabilit\u00e9 et en d\u00e9duisent les mesures qui s&rsquo;imposent<\/li>\n<li>prennent en compte dans leur activit\u00e9 l&rsquo;\u00e9thique et la politique professionnelles<\/li>\n<\/ul>\n[\/vc_column_text][\/vc_column][\/vc_row]\n<\/div>","protected":false},"excerpt":{"rendered":"<p>[vc_row full_width=\u00a0\u00bbstretch_row\u00a0\u00bb column_spacing=\u00a0\u00bb0px\u00a0\u00bb css=\u00a0\u00bb.vc_custom_1669472850591{padding-top: 50px !important;padding-bottom: 50px !important;}\u00a0\u00bb][vc_column][vc_column_text visibility=\u00a0\u00bb\u00a0\u00bb font_weight=\u00a0\u00bb\u00a0\u00bb text_transform=\u00a0\u00bb\u00a0\u00bb]Domaine d&rsquo;activit\u00e9 Les assistantes et assistants de gestion en pharmacie ex\u00e9cutent, sur d\u00e9l\u00e9gation de la pharmacienne ou du pharmacien responsable, des t\u00e2ches qualifi\u00e9es et sp\u00e9cialis\u00e9es dans les domaines de la vente, de la relation avec la client\u00e8le, du marketing, du management des collaborateurs, de l&rsquo;organisation&hellip;<\/p>\n","protected":false},"author":1,"featured_media":0,"parent":0,"menu_order":0,"comment_status":"closed","ping_status":"closed","template":"","meta":{"_acf_changed":false,"inline_featured_image":false,"footnotes":""},"class_list":["post-478","page","type-page","status-publish","hentry","entry","no-media"],"acf":[],"_links":{"self":[{"href":"https:\/\/www.pharma-betriebsass.ch\/fr\/wp-json\/wp\/v2\/pages\/478","targetHints":{"allow":["GET"]}}],"collection":[{"href":"https:\/\/www.pharma-betriebsass.ch\/fr\/wp-json\/wp\/v2\/pages"}],"about":[{"href":"https:\/\/www.pharma-betriebsass.ch\/fr\/wp-json\/wp\/v2\/types\/page"}],"author":[{"embeddable":true,"href":"https:\/\/www.pharma-betriebsass.ch\/fr\/wp-json\/wp\/v2\/users\/1"}],"replies":[{"embeddable":true,"href":"https:\/\/www.pharma-betriebsass.ch\/fr\/wp-json\/wp\/v2\/comments?post=478"}],"version-history":[{"count":3,"href":"https:\/\/www.pharma-betriebsass.ch\/fr\/wp-json\/wp\/v2\/pages\/478\/revisions"}],"predecessor-version":[{"id":479,"href":"https:\/\/www.pharma-betriebsass.ch\/fr\/wp-json\/wp\/v2\/pages\/478\/revisions\/479"}],"wp:attachment":[{"href":"https:\/\/www.pharma-betriebsass.ch\/fr\/wp-json\/wp\/v2\/media?parent=478"}],"curies":[{"name":"wp","href":"https:\/\/api.w.org\/{rel}","templated":true}]}}