{"id":288,"date":"2022-11-26T20:13:30","date_gmt":"2022-11-26T19:13:30","guid":{"rendered":"https:\/\/pharma.studio360.ch\/home-2\/"},"modified":"2023-01-12T11:23:08","modified_gmt":"2023-01-12T10:23:08","slug":"home","status":"publish","type":"page","link":"https:\/\/www.pharma-betriebsass.ch\/fr\/","title":{"rendered":"Home"},"content":{"rendered":"<div class=\"wpb-content-wrapper\">[vc_row full_width=\u00a0\u00bbstretch_row\u00a0\u00bb column_spacing=\u00a0\u00bb0px\u00a0\u00bb css=\u00a0\u00bb.vc_custom_1669469411266{padding-top: 50px !important;padding-bottom: 25px !important;}\u00a0\u00bb][vc_column]<h1 class=\"vcex-heading vcex-heading-plain vcex-module wpex-heading wpex-text-2xl wpex-h1 wpex-text-left vc_custom_1669490923986\"><span class=\"vcex-heading-inner wpex-inline-block\">Bienvenue<\/span><\/h1><div class=\"vcex-module vcex-divider vcex-divider-solid vcex-divider-left wpex-mr-auto wpex-max-w-100 wpex-block wpex-h-0 wpex-border-b wpex-border-solid wpex-border-main\" style=\"width:80px;border-bottom-width:3px;border-color:#009984;\"><\/div><div class=\"vcex-spacing wpex-w-100 wpex-clear\"><\/div>[vc_column_text]Souhaitez-vous d\u00e9couvrir la pharmacie sous l&rsquo;aspect d&rsquo;une entreprise orient\u00e9 vers le march\u00e9 ? Souhaitez-vous soutenir efficacement votre sup\u00e9rieur dans des domaines tel que la strat\u00e9gie d&rsquo;achats, le marketing, la conduite du personnel, la comptabilit\u00e9, &#8230; ? Si oui, vous \u00eates ici au bon endroit. Vous y trouverez toutes les informations concernant le brevet f\u00e9d\u00e9ral d&rsquo;assistant\/e de gestion en pharmacie. Ce brevet vous facilite l&rsquo;acc\u00e8s \u00e0 une position int\u00e9ressante dans votre pharmacie.<\/p>\n<p>Des nouveaux d\u00e9fis et exigences toujours plus \u00e9lev\u00e9s attendent les collaborateurs d&rsquo;une pharmacie, nous sommes convaincus que vous deviendrez un rouage indispensable \u00e0 la bonne marche de votre officine.[\/vc_column_text][\/vc_column][\/vc_row][vc_row full_width=\u00a0\u00bbstretch_row\u00a0\u00bb column_spacing=\u00a0\u00bb0px\u00a0\u00bb css=\u00a0\u00bb.vc_custom_1669469528169{padding-top: 25px !important;padding-bottom: 50px !important;background-color: #ededed !important;}\u00a0\u00bb][vc_column]<h1 class=\"vcex-heading vcex-heading-plain vcex-module wpex-heading wpex-text-2xl wpex-h1 wpex-text-left vc_custom_1669538181322\"><span class=\"vcex-heading-inner wpex-inline-block\">Actualit\u00e9s<\/span><\/h1><div class=\"vcex-module vcex-divider vcex-divider-solid vcex-divider-left wpex-mr-auto wpex-max-w-100 wpex-block wpex-h-0 wpex-border-b wpex-border-solid wpex-border-main\" style=\"width:80px;border-bottom-width:3px;border-color:#009984;\"><\/div><div class=\"vcex-spacing wpex-w-100 wpex-clear\"><\/div><div class=\"vcex-module vcex-bullets vcex-bullets--vertical vcex-bullets-ni\"><strong>Dates des prochaines soir\u00e9es d&rsquo;information :<\/strong><\/p>\n<ul role=\"list\">\n<li>Aucune soir\u00e9e d&rsquo;information pr\u00e9vue pour l&rsquo;instant<\/li>\n<\/ul>\n<\/div><div class=\"vcex-spacing wpex-w-100 wpex-clear\"><\/div><a href=\"https:\/\/www.siu.ch\/apotheken\/pharma-betriebsassistent\" class=\"vcex-button theme-button inline\" target=\"_blank\" rel=\"noopener noreferrer\"><span class=\"vcex-button-inner theme-button-inner wpex-flex wpex-flex-wrap wpex-items-center wpex-justify-center\">S&rsquo;inscrire<\/span><\/a> [\/vc_column][\/vc_row]\n<\/div>","protected":false},"excerpt":{"rendered":"<p>[vc_row full_width=\u00a0\u00bbstretch_row\u00a0\u00bb column_spacing=\u00a0\u00bb0px\u00a0\u00bb css=\u00a0\u00bb.vc_custom_1669469411266{padding-top: 50px !important;padding-bottom: 25px !important;}\u00a0\u00bb][vc_column][vc_column_text]Souhaitez-vous d\u00e9couvrir la pharmacie sous l&rsquo;aspect d&rsquo;une entreprise orient\u00e9 vers le march\u00e9 ? Souhaitez-vous soutenir efficacement votre sup\u00e9rieur dans des domaines tel que la strat\u00e9gie d&rsquo;achats, le marketing, la conduite du personnel, la comptabilit\u00e9, &#8230; ? Si oui, vous \u00eates ici au bon endroit. Vous y trouverez toutes&hellip;<\/p>\n","protected":false},"author":1,"featured_media":0,"parent":0,"menu_order":0,"comment_status":"closed","ping_status":"closed","template":"","meta":{"_acf_changed":false,"inline_featured_image":false,"footnotes":""},"class_list":["post-288","page","type-page","status-publish","hentry","entry","no-media"],"acf":[],"_links":{"self":[{"href":"https:\/\/www.pharma-betriebsass.ch\/fr\/wp-json\/wp\/v2\/pages\/288","targetHints":{"allow":["GET"]}}],"collection":[{"href":"https:\/\/www.pharma-betriebsass.ch\/fr\/wp-json\/wp\/v2\/pages"}],"about":[{"href":"https:\/\/www.pharma-betriebsass.ch\/fr\/wp-json\/wp\/v2\/types\/page"}],"author":[{"embeddable":true,"href":"https:\/\/www.pharma-betriebsass.ch\/fr\/wp-json\/wp\/v2\/users\/1"}],"replies":[{"embeddable":true,"href":"https:\/\/www.pharma-betriebsass.ch\/fr\/wp-json\/wp\/v2\/comments?post=288"}],"version-history":[{"count":10,"href":"https:\/\/www.pharma-betriebsass.ch\/fr\/wp-json\/wp\/v2\/pages\/288\/revisions"}],"predecessor-version":[{"id":649,"href":"https:\/\/www.pharma-betriebsass.ch\/fr\/wp-json\/wp\/v2\/pages\/288\/revisions\/649"}],"wp:attachment":[{"href":"https:\/\/www.pharma-betriebsass.ch\/fr\/wp-json\/wp\/v2\/media?parent=288"}],"curies":[{"name":"wp","href":"https:\/\/api.w.org\/{rel}","templated":true}]}}